{"id":12,"date":"2019-06-08T17:12:27","date_gmt":"2019-06-08T17:12:27","guid":{"rendered":"http:\/\/in-musica-est-caritas.de\/?page_id=12"},"modified":"2019-06-13T10:50:55","modified_gmt":"2019-06-13T10:50:55","slug":"der-verein","status":"publish","type":"page","link":"https:\/\/in-musica-est-caritas.de\/","title":{"rendered":"Der Verein"},"content":{"rendered":"\n<p>Studien haben gezeigt,\ndass schon 2030 etwa jeder vierte Mensch \u00fcber 65 Jahre sein wird. Die\nmedizinische Versorgung ist sichergestellt, die Rente reicht f\u00fcr den Alltag. Und\ndas Leben\u2026?<\/p>\n\n\n\n<div class=\"wp-block-image\"><figure class=\"alignleft is-resized\"><img loading=\"lazy\" src=\"http:\/\/in-musica-est-caritas.de\/wp-content\/uploads\/2019\/06\/WhatsApp-Image-2019-04-20-at-13.20.01-300x188.jpeg\" alt=\"\" class=\"wp-image-68\" width=\"332\" height=\"208\" srcset=\"https:\/\/in-musica-est-caritas.de\/wp-content\/uploads\/2019\/06\/WhatsApp-Image-2019-04-20-at-13.20.01-300x188.jpeg 300w, https:\/\/in-musica-est-caritas.de\/wp-content\/uploads\/2019\/06\/WhatsApp-Image-2019-04-20-at-13.20.01-768x482.jpeg 768w, https:\/\/in-musica-est-caritas.de\/wp-content\/uploads\/2019\/06\/WhatsApp-Image-2019-04-20-at-13.20.01-1024x642.jpeg 1024w, https:\/\/in-musica-est-caritas.de\/wp-content\/uploads\/2019\/06\/WhatsApp-Image-2019-04-20-at-13.20.01.jpeg 1288w\" sizes=\"(max-width: 332px) 100vw, 332px\" \/><\/figure><\/div>\n\n\n\n<p>Das\nzieht leider oft an den Senioren vorbei. Neue Schlagzeilen vom 01.04.2019\nbest\u00e4tigen unsere Beobachtungen. Schlagzeilen wie \u201eSchlimmer ist das\nAlleinsein\u201c, \u201eMich besucht nur der Pflegedienst\u201c oder \u201eDie Kinder sind weit\nweg, der Seniorentreff nicht\u201c sind nur Beispiele. Das war f\u00fcr uns der ausschlaggebende\nPunkt, den Verein \u201eIn Musica Est Caritas \u2013 Musik hilft e.V.\u201c zu gr\u00fcnden. Denn:\nIn der Musik liegt N\u00e4chstenliebe. Durch Musik k\u00f6nnen Familien wieder\nzusammengef\u00fchrt werden. Musik wird sogar als therapeutisches Mittel verwendet.<\/p>\n\n\n\n<p>Leider wird die helfende\nWirkung der Musik oft untersch\u00e4tzt, sodass bei knappen finanziellen Mitteln an\ndieser Stelle oft als erstes gespart wird. Aus diesem Grund haben wir uns als\nVerein das Ziel gesetzt, die Musik \u00fcberall dort hinzubringen, wo sie hilft und\ndie Menschen ohne unseren Einsatz auf ein kleines Bisschen N\u00e4chstenliebe\nverzichten m\u00fcssten.<\/p>\n\n\n\n<p>Wir\nhelfen dabei nicht nur direkt vor Ort in M\u00f6nchengladbach, sondern am ganzen\nlinken Niederrhein mit Ausl\u00e4ufern bis K\u00f6ln, Bonn, D\u00fcsseldorf, Aachen und in\nangrenzenden Gebieten. Dabei helfen wir schnell, unb\u00fcrokratisch, jedoch\ngesetzlich gest\u00fctzt. <\/p>\n\n\n\n<div class=\"wp-block-image\"><figure class=\"alignright is-resized\"><img loading=\"lazy\" src=\"http:\/\/in-musica-est-caritas.de\/wp-content\/uploads\/2019\/06\/FrOlchowski-1024x872.jpeg\" alt=\"\" class=\"wp-image-69\" width=\"350\" height=\"218\"\/><\/figure><\/div>\n\n\n\n<p>Wir rufen mit Musik,\nVorlesungen, und Vorf\u00fchrungen aller Art unsere Senioren insbesondere\nDemenzerkrankte wieder zur\u00fcck ins gemeinschaftliche Leben. Wir wollen, dass\nalle so lange wie m\u00f6glich daran teilhaben k\u00f6nnen.<\/p>\n\n\n\n<p>Dies wird bereits\n\u00fcberaus erfolgreich praktiziert. Dabei haben wir von zu Tr\u00e4nen ger\u00fchrten\nAngeh\u00f6rigen der Senioren freudige Nachrichten erhalten, dass sie aufgrund der\nMusik erstmalig nach Jahren wieder ein Wort gesprochen haben. <\/p>\n\n\n\n<p>Andere Senioren haben es\nsich nicht nehmen lassen, dem \u00dcberbringer der Musik ein gro\u00dfes Dankesch\u00f6n in\nForm einer mehrw\u00f6chigen Bastelarbeit zu \u00fcberbringen; s. Abbildung.<\/p>\n\n\n\n<p>Unterst\u00fctzen Sie uns,\ndamit wir diese Erfolgsgeschichte weiterschreiben k\u00f6nnen. <strong>Wir werden alle\n\u00e4lter.<\/strong><\/p>\n","protected":false},"excerpt":{"rendered":"<p>Studien haben gezeigt, dass schon 2030 etwa jeder vierte Mensch \u00fcber 65 Jahre sein wird. Die medizinische Versorgung ist sichergestellt, die Rente reicht f\u00fcr den Alltag. Und das Leben\u2026? Das zieht leider oft an den Senioren vorbei. Neue Schlagzeilen vom 01.04.2019 best\u00e4tigen unsere Beobachtungen. Schlagzeilen wie \u201eSchlimmer ist das Alleinsein\u201c, \u201eMich besucht nur der Pflegedienst\u201c &hellip; <\/p>\n<p class=\"link-more\"><a href=\"https:\/\/in-musica-est-caritas.de\/\" class=\"more-link\"><span class=\"screen-reader-text\">\u201eDer Verein\u201c<\/span> weiterlesen<\/a><\/p>\n","protected":false},"author":1,"featured_media":0,"parent":0,"menu_order":0,"comment_status":"closed","ping_status":"closed","template":"","meta":[],"_links":{"self":[{"href":"https:\/\/in-musica-est-caritas.de\/index.php?rest_route=\/wp\/v2\/pages\/12"}],"collection":[{"href":"https:\/\/in-musica-est-caritas.de\/index.php?rest_route=\/wp\/v2\/pages"}],"about":[{"href":"https:\/\/in-musica-est-caritas.de\/index.php?rest_route=\/wp\/v2\/types\/page"}],"author":[{"embeddable":true,"href":"https:\/\/in-musica-est-caritas.de\/index.php?rest_route=\/wp\/v2\/users\/1"}],"replies":[{"embeddable":true,"href":"https:\/\/in-musica-est-caritas.de\/index.php?rest_route=%2Fwp%2Fv2%2Fcomments&post=12"}],"version-history":[{"count":7,"href":"https:\/\/in-musica-est-caritas.de\/index.php?rest_route=\/wp\/v2\/pages\/12\/revisions"}],"predecessor-version":[{"id":115,"href":"https:\/\/in-musica-est-caritas.de\/index.php?rest_route=\/wp\/v2\/pages\/12\/revisions\/115"}],"wp:attachment":[{"href":"https:\/\/in-musica-est-caritas.de\/index.php?rest_route=%2Fwp%2Fv2%2Fmedia&parent=12"}],"curies":[{"name":"wp","href":"https:\/\/api.w.org\/{rel}","templated":true}]}}